{"id":2,"date":"2024-10-04T12:22:28","date_gmt":"2024-10-04T12:22:28","guid":{"rendered":"http:\/\/yummyy.id.vn\/?page_id=2"},"modified":"2024-10-21T21:19:30","modified_gmt":"2024-10-21T14:19:30","slug":"trang-mau","status":"publish","type":"page","link":"http:\/\/yummyy.id.vn\/","title":{"rendered":"TRANG CH\u1ee6"},"content":{"rendered":"\n<p>Sweety Cakes, c\u00e1i t\u00ean \u0111\u00e3 n\u00f3i l\u00ean t\u1ea5t c\u1ea3 v\u1ec1 nh\u1eefng g\u00ec ch\u00fang t\u00f4i mu\u1ed1n mang \u0111\u1ebfn. \u0110\u00f3 l\u00e0 nh\u1eefng chi\u1ebfc b\u00e1nh ng\u1ecdt ng\u00e0o, \u0111\u00e1ng y\u00eau, \u0111\u01b0\u1ee3c l\u00e0m t\u1eeb nh\u1eefng nguy\u00ean li\u1ec7u t\u01b0\u01a1i ngon v\u00e0 ch\u1ebf bi\u1ebfn m\u1ed9t c\u00e1ch t\u1ec9 m\u1ec9. Ch\u00fang t\u00f4i mong mu\u1ed1n m\u1ed7i chi\u1ebfc b\u00e1nh \u0111\u1ec1u l\u00e0 m\u1ed9t t\u00e1c ph\u1ea9m ngh\u1ec7 thu\u1eadt, mang \u0111\u1ebfn ni\u1ec1m vui v\u00e0 h\u1ea1nh ph\u00fac cho kh\u00e1ch h\u00e0ng.<\/p>\n\n\n\n<figure class=\"wp-block-image size-large\"><img loading=\"lazy\" decoding=\"async\" width=\"1024\" height=\"512\" src=\"https:\/\/yummyy.id.vn\/wp-content\/uploads\/2024\/10\/image-7-1024x512.png\" alt=\"\" class=\"wp-image-67\" srcset=\"http:\/\/yummyy.id.vn\/wp-content\/uploads\/2024\/10\/image-7-1024x512.png 1024w, http:\/\/yummyy.id.vn\/wp-content\/uploads\/2024\/10\/image-7-300x150.png 300w, http:\/\/yummyy.id.vn\/wp-content\/uploads\/2024\/10\/image-7-768x384.png 768w, http:\/\/yummyy.id.vn\/wp-content\/uploads\/2024\/10\/image-7-1536x768.png 1536w, http:\/\/yummyy.id.vn\/wp-content\/uploads\/2024\/10\/image-7-2048x1024.png 2048w\" sizes=\"auto, (max-width: 1024px) 100vw, 1024px\" \/><\/figure>\n\n\n\n<p><br><\/p>\n\n\n\n<p><\/p>\n","protected":false},"excerpt":{"rendered":"<p>Sweety Cakes, c\u00e1i t\u00ean \u0111\u00e3 n\u00f3i l\u00ean t\u1ea5t c\u1ea3 v\u1ec1 nh\u1eefng g\u00ec ch\u00fang t\u00f4i mu\u1ed1n mang \u0111\u1ebfn. \u0110\u00f3 l\u00e0 nh\u1eefng chi\u1ebfc b\u00e1nh ng\u1ecdt ng\u00e0o, \u0111\u00e1ng &hellip; <\/p>\n","protected":false},"author":1,"featured_media":0,"parent":0,"menu_order":0,"comment_status":"closed","ping_status":"open","template":"","meta":{"rank_math_lock_modified_date":false,"footnotes":""},"class_list":["post-2","page","type-page","status-publish","hentry"],"_links":{"self":[{"href":"http:\/\/yummyy.id.vn\/index.php\/wp-json\/wp\/v2\/pages\/2","targetHints":{"allow":["GET"]}}],"collection":[{"href":"http:\/\/yummyy.id.vn\/index.php\/wp-json\/wp\/v2\/pages"}],"about":[{"href":"http:\/\/yummyy.id.vn\/index.php\/wp-json\/wp\/v2\/types\/page"}],"author":[{"embeddable":true,"href":"http:\/\/yummyy.id.vn\/index.php\/wp-json\/wp\/v2\/users\/1"}],"replies":[{"embeddable":true,"href":"http:\/\/yummyy.id.vn\/index.php\/wp-json\/wp\/v2\/comments?post=2"}],"version-history":[{"count":3,"href":"http:\/\/yummyy.id.vn\/index.php\/wp-json\/wp\/v2\/pages\/2\/revisions"}],"predecessor-version":[{"id":69,"href":"http:\/\/yummyy.id.vn\/index.php\/wp-json\/wp\/v2\/pages\/2\/revisions\/69"}],"wp:attachment":[{"href":"http:\/\/yummyy.id.vn\/index.php\/wp-json\/wp\/v2\/media?parent=2"}],"curies":[{"name":"wp","href":"https:\/\/api.w.org\/{rel}","templated":true}]}}